{"id":10,"date":"2020-09-01T17:55:23","date_gmt":"2020-09-01T20:55:23","guid":{"rendered":"https:\/\/probioticosargentina.com.ar\/tienda\/?post_type=product&#038;p=10"},"modified":"2026-04-16T15:59:39","modified_gmt":"2026-04-16T18:59:39","slug":"vitacomplex-c-plus-x-1","status":"publish","type":"product","link":"https:\/\/probioticosargentina.com.ar\/tienda\/product\/vitacomplex-c-plus-x-1\/","title":{"rendered":"Vitacomplex C Plus x 30 Comp."},"content":{"rendered":"<p>SUPLEMENTO EN C\u00c1PSULAS A BASE DE 7 CEPAS DE ACCI\u00d3N PROBI\u00d3TICA + VITAMINA C, D Y COMPLEJO VITAM\u00cdNICO B COMPLETO<\/p>\n<p>30 C\u00e1psulas vegetales con revestimiento ent\u00e9rico y liberaci\u00f3n gradual.<br \/>\n7 cepas de Lactobacilos de acci\u00f3n probi\u00f3tica .<br \/>\n5.000 millones de c\u00e9lulas vivas por c\u00e1psula.<br \/>\nVitaminas C, D y el complejo B completo.<br \/>\nLibre de gluten, libre al\u00e9rgenos.<b><br \/>\n<\/b><\/p>\n<p>Este suplemento dietario contribuye al sistema inmunol\u00f3gico y al bienestar intestinal<\/p>\n","protected":false},"excerpt":{"rendered":"<h4><\/h4>\n<p style=\"color: #ffffff;\">.<\/p>\n","protected":false},"featured_media":3261,"template":"","meta":{"inline_featured_image":false,"_uag_custom_page_level_css":"","site-sidebar-layout":"default","site-content-layout":"","ast-site-content-layout":"default","site-content-style":"default","site-sidebar-style":"default","ast-global-header-display":"","ast-banner-title-visibility":"","ast-main-header-display":"","ast-hfb-above-header-display":"","ast-hfb-below-header-display":"","ast-hfb-mobile-header-display":"","site-post-title":"","ast-breadcrumbs-content":"","ast-featured-img":"","footer-sml-layout":"","theme-transparent-header-meta":"default","adv-header-id-meta":"","stick-header-meta":"","header-above-stick-meta":"","header-main-stick-meta":"","header-below-stick-meta":"","astra-migrate-meta-layouts":"set","ast-page-background-enabled":"default","ast-page-background-meta":{"desktop":{"background-color":"var(--ast-global-color-4)","background-image":"","background-repeat":"repeat","background-position":"center center","background-size":"auto","background-attachment":"scroll","background-type":"","background-media":"","overlay-type":"","overlay-color":"","overlay-opacity":"","overlay-gradient":""},"tablet":{"background-color":"","background-image":"","background-repeat":"repeat","background-position":"center center","background-size":"auto","background-attachment":"scroll","background-type":"","background-media":"","overlay-type":"","overlay-color":"","overlay-opacity":"","overlay-gradient":""},"mobile":{"background-color":"","background-image":"","background-repeat":"repeat","background-position":"center center","background-size":"auto","background-attachment":"scroll","background-type":"","background-media":"","overlay-type":"","overlay-color":"","overlay-opacity":"","overlay-gradient":""}},"ast-content-background-meta":{"desktop":{"background-color":"var(--ast-global-color-5)","background-image":"","background-repeat":"repeat","background-position":"center center","background-size":"auto","background-attachment":"scroll","background-type":"","background-media":"","overlay-type":"","overlay-color":"","overlay-opacity":"","overlay-gradient":""},"tablet":{"background-color":"var(--ast-global-color-5)","background-image":"","background-repeat":"repeat","background-position":"center center","background-size":"auto","background-attachment":"scroll","background-type":"","background-media":"","overlay-type":"","overlay-color":"","overlay-opacity":"","overlay-gradient":""},"mobile":{"background-color":"var(--ast-global-color-5)","background-image":"","background-repeat":"repeat","background-position":"center center","background-size":"auto","background-attachment":"scroll","background-type":"","background-media":"","overlay-type":"","overlay-color":"","overlay-opacity":"","overlay-gradient":""}}},"product_brand":[],"product_cat":[16],"product_tag":[],"class_list":{"0":"post-10","1":"product","2":"type-product","3":"status-publish","4":"has-post-thumbnail","6":"product_cat-vitacomplex","7":"product_shipping_class-ca","8":"wcmi-has-gallery","9":"desktop-align-center","10":"tablet-align-left","11":"mobile-align-left","13":"first","14":"instock","15":"shipping-taxable","16":"purchasable","17":"product-type-simple"},"uagb_featured_image_src":{"full":["https:\/\/probioticosargentina.com.ar\/tienda\/wp-content\/uploads\/2020\/09\/01-vitaflora-plus-VITACOMPLEX_1.png",800,800,false],"thumbnail":["https:\/\/probioticosargentina.com.ar\/tienda\/wp-content\/uploads\/2020\/09\/01-vitaflora-plus-VITACOMPLEX_1-150x150.png",150,150,true],"medium":["https:\/\/probioticosargentina.com.ar\/tienda\/wp-content\/uploads\/2020\/09\/01-vitaflora-plus-VITACOMPLEX_1-300x300.png",300,300,true],"medium_large":["https:\/\/probioticosargentina.com.ar\/tienda\/wp-content\/uploads\/2020\/09\/01-vitaflora-plus-VITACOMPLEX_1-768x768.png",768,768,true],"large":["https:\/\/probioticosargentina.com.ar\/tienda\/wp-content\/uploads\/2020\/09\/01-vitaflora-plus-VITACOMPLEX_1.png",800,800,false],"1536x1536":["https:\/\/probioticosargentina.com.ar\/tienda\/wp-content\/uploads\/2020\/09\/01-vitaflora-plus-VITACOMPLEX_1.png",800,800,false],"2048x2048":["https:\/\/probioticosargentina.com.ar\/tienda\/wp-content\/uploads\/2020\/09\/01-vitaflora-plus-VITACOMPLEX_1.png",800,800,false],"woocommerce_thumbnail":["https:\/\/probioticosargentina.com.ar\/tienda\/wp-content\/uploads\/2020\/09\/01-vitaflora-plus-VITACOMPLEX_1-300x300.png",300,300,true],"woocommerce_single":["https:\/\/probioticosargentina.com.ar\/tienda\/wp-content\/uploads\/2020\/09\/01-vitaflora-plus-VITACOMPLEX_1-300x300.png",300,300,true],"woocommerce_gallery_thumbnail":["https:\/\/probioticosargentina.com.ar\/tienda\/wp-content\/uploads\/2020\/09\/01-vitaflora-plus-VITACOMPLEX_1-100x100.png",100,100,true]},"uagb_author_info":{"display_name":"prohost","author_link":"https:\/\/probioticosargentina.com.ar\/tienda\/author\/"},"uagb_comment_info":0,"uagb_excerpt":".","_links":{"self":[{"href":"https:\/\/probioticosargentina.com.ar\/tienda\/wp-json\/wp\/v2\/product\/10","targetHints":{"allow":["GET"]}}],"collection":[{"href":"https:\/\/probioticosargentina.com.ar\/tienda\/wp-json\/wp\/v2\/product"}],"about":[{"href":"https:\/\/probioticosargentina.com.ar\/tienda\/wp-json\/wp\/v2\/types\/product"}],"wp:featuredmedia":[{"embeddable":true,"href":"https:\/\/probioticosargentina.com.ar\/tienda\/wp-json\/wp\/v2\/media\/3261"}],"wp:attachment":[{"href":"https:\/\/probioticosargentina.com.ar\/tienda\/wp-json\/wp\/v2\/media?parent=10"}],"wp:term":[{"taxonomy":"product_brand","embeddable":true,"href":"https:\/\/probioticosargentina.com.ar\/tienda\/wp-json\/wp\/v2\/product_brand?post=10"},{"taxonomy":"product_cat","embeddable":true,"href":"https:\/\/probioticosargentina.com.ar\/tienda\/wp-json\/wp\/v2\/product_cat?post=10"},{"taxonomy":"product_tag","embeddable":true,"href":"https:\/\/probioticosargentina.com.ar\/tienda\/wp-json\/wp\/v2\/product_tag?post=10"}],"curies":[{"name":"wp","href":"https:\/\/api.w.org\/{rel}","templated":true}]}}